{"id":18,"date":"2019-04-02T02:34:54","date_gmt":"2019-04-02T02:34:54","guid":{"rendered":"https:\/\/uppctsc.eu\/matriceb3\/index.php\/agents\/"},"modified":"2025-12-01T10:24:21","modified_gmt":"2025-12-01T10:24:21","slug":"actualites","status":"publish","type":"page","link":"https:\/\/ascom.greta-dev.fr\/index.php\/actualites\/","title":{"rendered":"Actualit\u00e9s"},"content":{"rendered":"\t\t<div data-elementor-type=\"wp-post\" data-elementor-id=\"18\" class=\"elementor elementor-18\">\n\t\t\t\t\t\t<section class=\"elementor-section elementor-top-section elementor-element elementor-element-b5a0984 elementor-section-content-middle elementor-reverse-tablet elementor-reverse-mobile elementor-section-boxed elementor-section-height-default elementor-section-height-default\" data-id=\"b5a0984\" data-element_type=\"section\" data-e-type=\"section\" data-settings=\"{&quot;background_background&quot;:&quot;classic&quot;}\">\n\t\t\t\t\t\t\t<div class=\"elementor-background-overlay\"><\/div>\n\t\t\t\t\t\t\t<div class=\"elementor-container elementor-column-gap-no\">\n\t\t\t\t\t<div class=\"elementor-column elementor-col-100 elementor-top-column elementor-element elementor-element-bb76d1a\" data-id=\"bb76d1a\" data-element_type=\"column\" data-e-type=\"column\">\n\t\t\t<div class=\"elementor-widget-wrap elementor-element-populated\">\n\t\t\t\t\t\t<div class=\"elementor-element elementor-element-486fe28 elementor-widget elementor-widget-heading\" data-id=\"486fe28\" data-element_type=\"widget\" data-e-type=\"widget\" data-widget_type=\"heading.default\">\n\t\t\t\t<div class=\"elementor-widget-container\">\n\t\t\t\t\t<h2 class=\"elementor-heading-title elementor-size-default\">ACTUALIT\u00c9S<\/h2>\t\t\t\t<\/div>\n\t\t\t\t<\/div>\n\t\t\t\t<div class=\"elementor-element elementor-element-e1b9c42 elementor-widget-divider--view-line elementor-widget elementor-widget-divider\" data-id=\"e1b9c42\" data-element_type=\"widget\" data-e-type=\"widget\" data-widget_type=\"divider.default\">\n\t\t\t\t<div class=\"elementor-widget-container\">\n\t\t\t\t\t\t\t<div class=\"elementor-divider\">\n\t\t\t<span class=\"elementor-divider-separator\">\n\t\t\t\t\t\t<\/span>\n\t\t<\/div>\n\t\t\t\t\t\t<\/div>\n\t\t\t\t<\/div>\n\t\t\t\t\t<\/div>\n\t\t<\/div>\n\t\t\t\t\t<\/div>\n\t\t<\/section>\n\t\t\t\t<section class=\"elementor-section elementor-top-section elementor-element elementor-element-4d2eda0 elementor-section-boxed elementor-section-height-default elementor-section-height-default\" data-id=\"4d2eda0\" data-element_type=\"section\" data-e-type=\"section\">\n\t\t\t\t\t\t<div class=\"elementor-container elementor-column-gap-default\">\n\t\t\t\t\t<div class=\"elementor-column elementor-col-50 elementor-top-column elementor-element elementor-element-a97e3c4\" data-id=\"a97e3c4\" data-element_type=\"column\" data-e-type=\"column\">\n\t\t\t<div class=\"elementor-widget-wrap elementor-element-populated\">\n\t\t\t\t\t\t<div class=\"elementor-element elementor-element-b44da38 elementor-widget elementor-widget-heading\" data-id=\"b44da38\" data-element_type=\"widget\" data-e-type=\"widget\" data-widget_type=\"heading.default\">\n\t\t\t\t<div class=\"elementor-widget-container\">\n\t\t\t\t\t<h2 class=\"elementor-heading-title elementor-size-default\">Portes ouvertes de notre agence immobili\u00e8re<\/h2>\t\t\t\t<\/div>\n\t\t\t\t<\/div>\n\t\t\t\t<div class=\"elementor-element elementor-element-86edbad elementor-icon-list--layout-traditional elementor-list-item-link-full_width elementor-widget elementor-widget-icon-list\" data-id=\"86edbad\" data-element_type=\"widget\" data-e-type=\"widget\" data-widget_type=\"icon-list.default\">\n\t\t\t\t<div class=\"elementor-widget-container\">\n\t\t\t\t\t\t\t<ul class=\"elementor-icon-list-items\">\n\t\t\t\t\t\t\t<li class=\"elementor-icon-list-item\">\n\t\t\t\t\t\t\t\t\t\t\t<span class=\"elementor-icon-list-icon\">\n\t\t\t\t\t\t\t<i aria-hidden=\"true\" class=\"fas fa-calendar-alt\"><\/i>\t\t\t\t\t\t<\/span>\n\t\t\t\t\t\t\t\t\t\t<span class=\"elementor-icon-list-text\">Le 12 d\u00e9cembre 2026 de 10h \u00e0 16h<\/span>\n\t\t\t\t\t\t\t\t\t<\/li>\n\t\t\t\t\t\t<\/ul>\n\t\t\t\t\t\t<\/div>\n\t\t\t\t<\/div>\n\t\t\t\t<div class=\"elementor-element elementor-element-fd13f2c elementor-widget elementor-widget-text-editor\" data-id=\"fd13f2c\" data-element_type=\"widget\" data-e-type=\"widget\" data-widget_type=\"text-editor.default\">\n\t\t\t\t<div class=\"elementor-widget-container\">\n\t\t\t\t\t\t\t\t\t<p>Retrouvez l\u2019\u00e9quipe compl\u00e8te de VOTREIMMO pour d\u00e9couvrir l\u2019ensemble des biens \u00e0 vendre. Un cadeau vous sera offert lors de votre visite.<\/p>\t\t\t\t\t\t\t\t<\/div>\n\t\t\t\t<\/div>\n\t\t\t\t\t<\/div>\n\t\t<\/div>\n\t\t\t\t<div class=\"elementor-column elementor-col-50 elementor-top-column elementor-element elementor-element-e167ca9\" data-id=\"e167ca9\" data-element_type=\"column\" data-e-type=\"column\">\n\t\t\t<div class=\"elementor-widget-wrap elementor-element-populated\">\n\t\t\t\t\t\t<div class=\"elementor-element elementor-element-8e79d2b elementor-widget elementor-widget-image\" data-id=\"8e79d2b\" data-element_type=\"widget\" data-e-type=\"widget\" data-widget_type=\"image.default\">\n\t\t\t\t<div class=\"elementor-widget-container\">\n\t\t\t\t\t\t\t\t\t\t\t\t\t\t\t<img fetchpriority=\"high\" decoding=\"async\" width=\"1024\" height=\"576\" src=\"https:\/\/ascom.greta-dev.fr\/wp-content\/uploads\/2020\/01\/estate-window-sofa-1024x576.jpg\" class=\"attachment-large size-large wp-image-351\" alt=\"\" srcset=\"https:\/\/ascom.greta-dev.fr\/wp-content\/uploads\/2020\/01\/estate-window-sofa-1024x576.jpg 1024w, https:\/\/ascom.greta-dev.fr\/wp-content\/uploads\/2020\/01\/estate-window-sofa-300x169.jpg 300w, https:\/\/ascom.greta-dev.fr\/wp-content\/uploads\/2020\/01\/estate-window-sofa-768x432.jpg 768w, https:\/\/ascom.greta-dev.fr\/wp-content\/uploads\/2020\/01\/estate-window-sofa-1536x864.jpg 1536w, https:\/\/ascom.greta-dev.fr\/wp-content\/uploads\/2020\/01\/estate-window-sofa.jpg 1920w\" sizes=\"(max-width: 1024px) 100vw, 1024px\" \/>\t\t\t\t\t\t\t\t\t\t\t\t\t\t\t<\/div>\n\t\t\t\t<\/div>\n\t\t\t\t\t<\/div>\n\t\t<\/div>\n\t\t\t\t\t<\/div>\n\t\t<\/section>\n\t\t\t\t<section class=\"elementor-section elementor-top-section elementor-element elementor-element-3e5ca7b elementor-section-boxed elementor-section-height-default elementor-section-height-default\" data-id=\"3e5ca7b\" data-element_type=\"section\" data-e-type=\"section\">\n\t\t\t\t\t\t<div class=\"elementor-container elementor-column-gap-default\">\n\t\t\t\t\t<div class=\"elementor-column elementor-col-100 elementor-top-column elementor-element elementor-element-8f5768b\" data-id=\"8f5768b\" data-element_type=\"column\" data-e-type=\"column\">\n\t\t\t<div class=\"elementor-widget-wrap elementor-element-populated\">\n\t\t\t\t\t\t<div class=\"elementor-element elementor-element-10d0263 elementor-widget elementor-widget-wpforms\" data-id=\"10d0263\" data-element_type=\"widget\" data-e-type=\"widget\" data-widget_type=\"wpforms.default\">\n\t\t\t\t<div class=\"elementor-widget-container\">\n\t\t\t\t\t<div class=\"wpforms-container \" id=\"wpforms-671\"><form id=\"wpforms-form-671\" class=\"wpforms-validate wpforms-form wpforms-ajax-form\" data-formid=\"671\" method=\"post\" enctype=\"multipart\/form-data\" action=\"\/index.php\/wp-json\/wp\/v2\/pages\/18\" data-token=\"028d92cdd813ab0bfbf756b865d938b1\" data-token-time=\"1778002710\"><noscript class=\"wpforms-error-noscript\">Veuillez activer JavaScript dans votre navigateur pour remplir ce formulaire.<\/noscript><div class=\"wpforms-field-container\"><div id=\"wpforms-671-field_3-container\" class=\"wpforms-field wpforms-field-name\" data-field-id=\"3\"><label class=\"wpforms-field-label\">Nom <span class=\"wpforms-required-label\">*<\/span><\/label><div class=\"wpforms-field-row wpforms-field-medium\"><div class=\"wpforms-field-row-block wpforms-first wpforms-one-half\"><input type=\"text\" id=\"wpforms-671-field_3\" class=\"wpforms-field-name-first wpforms-field-required\" name=\"wpforms[fields][3][first]\" required><label for=\"wpforms-671-field_3\" class=\"wpforms-field-sublabel after\">Pr\u00e9nom<\/label><\/div><div class=\"wpforms-field-row-block wpforms-one-half\"><input type=\"text\" id=\"wpforms-671-field_3-last\" class=\"wpforms-field-name-last wpforms-field-required\" name=\"wpforms[fields][3][last]\" required><label for=\"wpforms-671-field_3-last\" class=\"wpforms-field-sublabel after\">Nom<\/label><\/div><\/div><\/div><div id=\"wpforms-671-field_4-container\" class=\"wpforms-field wpforms-field-email\" data-field-id=\"4\"><label class=\"wpforms-field-label\" for=\"wpforms-671-field_4\">E-mail <span class=\"wpforms-required-label\">*<\/span><\/label><input type=\"email\" id=\"wpforms-671-field_4\" class=\"wpforms-field-medium wpforms-field-required\" name=\"wpforms[fields][4]\" spellcheck=\"false\" required><\/div><div id=\"wpforms-671-field_2-container\" class=\"wpforms-field wpforms-field-select wpforms-field-select-style-classic\" data-field-id=\"2\"><label class=\"wpforms-field-label\" for=\"wpforms-671-field_2\">Je m\u2019inscris \u00e0 la porte ouverte <span class=\"wpforms-required-label\">*<\/span><\/label><select id=\"wpforms-671-field_2\" class=\"wpforms-field-medium wpforms-field-required\" name=\"wpforms[fields][2]\" required=\"required\"><option value=\"\" class=\"placeholder\" disabled  selected='selected'>--- S\u00e9lectionner un choix ---<\/option><option value=\"Matin 10h \u00e0 12h\"  class=\"choice-1 depth-1\"  >Matin 10h \u00e0 12h<\/option><option value=\"Midi 12h \u00e0 14h\"  class=\"choice-2 depth-1\"  >Midi 12h \u00e0 14h<\/option><option value=\"Apr\u00e8s-midi 14h \u00e0 16H\"  class=\"choice-3 depth-1\"  >Apr\u00e8s-midi 14h \u00e0 16H<\/option><\/select><\/div>\t\t<div id=\"wpforms-671-field_6-container\"\n\t\t\tclass=\"wpforms-field wpforms-field-text\"\n\t\t\tdata-field-type=\"text\"\n\t\t\tdata-field-id=\"6\"\n\t\t\t>\n\t\t\t<label class=\"wpforms-field-label\" for=\"wpforms-671-field_6\" >E-mail m\u2019inscris RGPD<\/label>\n\t\t\t<input type=\"text\" id=\"wpforms-671-field_6\" class=\"wpforms-field-medium\" name=\"wpforms[fields][6]\" >\n\t\t<\/div>\n\t\t<div id=\"wpforms-671-field_5-container\" class=\"wpforms-field wpforms-field-radio\" data-field-id=\"5\"><label class=\"wpforms-field-label\">Comment nous avez-vous connu ?  <span class=\"wpforms-required-label\">*<\/span><\/label><ul id=\"wpforms-671-field_5\" class=\"wpforms-field-required\"><li class=\"choice-1 depth-1\"><input type=\"radio\" id=\"wpforms-671-field_5_1\" name=\"wpforms[fields][5]\" value=\"Google\" required ><label class=\"wpforms-field-label-inline\" for=\"wpforms-671-field_5_1\">Google<\/label><\/li><li class=\"choice-2 depth-1\"><input type=\"radio\" id=\"wpforms-671-field_5_2\" name=\"wpforms[fields][5]\" value=\"R\u00e9seaux sociaux\" required ><label class=\"wpforms-field-label-inline\" for=\"wpforms-671-field_5_2\">R\u00e9seaux sociaux<\/label><\/li><li class=\"choice-3 depth-1\"><input type=\"radio\" id=\"wpforms-671-field_5_3\" name=\"wpforms[fields][5]\" value=\"Bouche \u00e0 oreilles\" required ><label class=\"wpforms-field-label-inline\" for=\"wpforms-671-field_5_3\">Bouche \u00e0 oreilles<\/label><\/li><li class=\"choice-4 depth-1\"><input type=\"radio\" id=\"wpforms-671-field_5_4\" name=\"wpforms[fields][5]\" value=\"Flyer\" required ><label class=\"wpforms-field-label-inline\" for=\"wpforms-671-field_5_4\">Flyer<\/label><\/li><li class=\"choice-5 depth-1\"><input type=\"radio\" id=\"wpforms-671-field_5_5\" name=\"wpforms[fields][5]\" value=\"Publicit\u00e9 TV\" required ><label class=\"wpforms-field-label-inline\" for=\"wpforms-671-field_5_5\">Publicit\u00e9 TV<\/label><\/li><\/ul><\/div><div id=\"wpforms-671-field_1-container\" class=\"wpforms-field wpforms-field-checkbox\" data-field-id=\"1\"><label class=\"wpforms-field-label\">RGPD <span class=\"wpforms-required-label\">*<\/span><\/label><ul id=\"wpforms-671-field_1\" class=\"wpforms-field-required\"><li class=\"choice-1 depth-1\"><input type=\"checkbox\" id=\"wpforms-671-field_1_1\" name=\"wpforms[fields][1][]\" value=\"j\u2019accepte d\u2019\u00eatre contact\u00e9 par VOTREIMMO dans le cadre de ma demande d\u2019informations\" required ><label class=\"wpforms-field-label-inline\" for=\"wpforms-671-field_1_1\">j\u2019accepte d\u2019\u00eatre contact\u00e9 par VOTREIMMO dans le cadre de ma demande d\u2019informations<\/label><\/li><\/ul><\/div><script>\n\t\t\t\t( function() {\n\t\t\t\t\tconst style = document.createElement( 'style' );\n\t\t\t\t\tstyle.appendChild( document.createTextNode( '#wpforms-671-field_6-container { position: absolute !important; overflow: hidden !important; display: inline !important; height: 1px !important; width: 1px !important; z-index: -1000 !important; padding: 0 !important; } #wpforms-671-field_6-container input { visibility: hidden; } #wpforms-conversational-form-page #wpforms-671-field_6-container label { counter-increment: none; }' ) );\n\t\t\t\t\tdocument.head.appendChild( style );\n\t\t\t\t\tdocument.currentScript?.remove();\n\t\t\t\t} )();\n\t\t\t<\/script><\/div><!-- .wpforms-field-container --><div class=\"wpforms-submit-container\" ><input type=\"hidden\" name=\"wpforms[id]\" value=\"671\"><input type=\"hidden\" name=\"page_title\" value=\"\"><input type=\"hidden\" name=\"page_url\" value=\"https:\/\/ascom.greta-dev.fr\/index.php\/wp-json\/wp\/v2\/pages\/18\"><input type=\"hidden\" name=\"url_referer\" value=\"\"><button type=\"submit\" name=\"wpforms[submit]\" id=\"wpforms-submit-671\" class=\"wpforms-submit\" data-alt-text=\"Envoi...\" data-submit-text=\"Envoyer\" aria-live=\"assertive\" value=\"wpforms-submit\">Envoyer<\/button><img decoding=\"async\" src=\"https:\/\/ascom.greta-dev.fr\/wp-content\/plugins\/wpforms-lite\/assets\/images\/submit-spin.svg\" class=\"wpforms-submit-spinner\" style=\"display: none;\" width=\"26\" height=\"26\" alt=\"Chargement en cours\"><\/div><\/form><\/div>  <!-- .wpforms-container -->\t\t\t\t<\/div>\n\t\t\t\t<\/div>\n\t\t\t\t\t<\/div>\n\t\t<\/div>\n\t\t\t\t\t<\/div>\n\t\t<\/section>\n\t\t\t\t<\/div>\n\t\t","protected":false},"excerpt":{"rendered":"<p>ACTUALIT\u00c9S Portes ouvertes de notre agence immobili\u00e8re Le 12 d\u00e9cembre 2026 de 10h \u00e0 16h Retrouvez l\u2019\u00e9quipe compl\u00e8te de VOTREIMMO pour d\u00e9couvrir l\u2019ensemble des biens \u00e0 vendre. Un cadeau vous sera offert lors de votre visite. Veuillez activer JavaScript dans votre navigateur pour remplir ce formulaire.Nom *Pr\u00e9nomNomE-mail *Je m\u2019inscris \u00e0 la porte ouverte *&#8212; S\u00e9lectionner [&hellip;]<\/p>\n","protected":false},"author":1,"featured_media":0,"parent":0,"menu_order":0,"comment_status":"closed","ping_status":"closed","template":"","meta":{"site-sidebar-layout":"no-sidebar","site-content-layout":"page-builder","ast-site-content-layout":"default","site-content-style":"default","site-sidebar-style":"default","ast-global-header-display":"","ast-banner-title-visibility":"","ast-main-header-display":"","ast-hfb-above-header-display":"","ast-hfb-below-header-display":"","ast-hfb-mobile-header-display":"","site-post-title":"disabled","ast-breadcrumbs-content":"disabled","ast-featured-img":"disabled","footer-sml-layout":"","ast-disable-related-posts":"","theme-transparent-header-meta":"enabled","adv-header-id-meta":"","stick-header-meta":"","header-above-stick-meta":"","header-main-stick-meta":"","header-below-stick-meta":"","astra-migrate-meta-layouts":"default","ast-page-background-enabled":"default","ast-page-background-meta":{"desktop":{"background-color":"","background-image":"","background-repeat":"repeat","background-position":"center center","background-size":"auto","background-attachment":"scroll","background-type":"","background-media":"","overlay-type":"","overlay-color":"","overlay-opacity":"","overlay-gradient":""},"tablet":{"background-color":"","background-image":"","background-repeat":"repeat","background-position":"center center","background-size":"auto","background-attachment":"scroll","background-type":"","background-media":"","overlay-type":"","overlay-color":"","overlay-opacity":"","overlay-gradient":""},"mobile":{"background-color":"","background-image":"","background-repeat":"repeat","background-position":"center center","background-size":"auto","background-attachment":"scroll","background-type":"","background-media":"","overlay-type":"","overlay-color":"","overlay-opacity":"","overlay-gradient":""}},"ast-content-background-meta":{"desktop":{"background-color":"var(--ast-global-color-5)","background-image":"","background-repeat":"repeat","background-position":"center center","background-size":"auto","background-attachment":"scroll","background-type":"","background-media":"","overlay-type":"","overlay-color":"","overlay-opacity":"","overlay-gradient":""},"tablet":{"background-color":"var(--ast-global-color-5)","background-image":"","background-repeat":"repeat","background-position":"center center","background-size":"auto","background-attachment":"scroll","background-type":"","background-media":"","overlay-type":"","overlay-color":"","overlay-opacity":"","overlay-gradient":""},"mobile":{"background-color":"var(--ast-global-color-5)","background-image":"","background-repeat":"repeat","background-position":"center center","background-size":"auto","background-attachment":"scroll","background-type":"","background-media":"","overlay-type":"","overlay-color":"","overlay-opacity":"","overlay-gradient":""}},"footnotes":""},"class_list":["post-18","page","type-page","status-publish","hentry"],"yoast_head":"<!-- This site is optimized with the Yoast SEO plugin v27.4 - https:\/\/yoast.com\/product\/yoast-seo-wordpress\/ -->\n<title>Actualit\u00e9s - Votrimmo<\/title>\n<meta name=\"robots\" content=\"noindex, follow, max-snippet:-1, max-image-preview:large, max-video-preview:-1\" \/>\n<meta property=\"og:locale\" content=\"fr_FR\" \/>\n<meta property=\"og:type\" content=\"article\" \/>\n<meta property=\"og:title\" content=\"Actualit\u00e9s - Votrimmo\" \/>\n<meta property=\"og:description\" content=\"ACTUALIT\u00c9S Portes ouvertes de notre agence immobili\u00e8re Le 12 d\u00e9cembre 2026 de 10h \u00e0 16h Retrouvez l\u2019\u00e9quipe compl\u00e8te de VOTREIMMO pour d\u00e9couvrir l\u2019ensemble des biens \u00e0 vendre. Un cadeau vous sera offert lors de votre visite. Veuillez activer JavaScript dans votre navigateur pour remplir ce formulaire.Nom *Pr\u00e9nomNomE-mail *Je m\u2019inscris \u00e0 la porte ouverte *&#8212; S\u00e9lectionner [&hellip;]\" \/>\n<meta property=\"og:url\" content=\"https:\/\/ascom.greta-dev.fr\/index.php\/actualites\/\" \/>\n<meta property=\"og:site_name\" content=\"Votrimmo\" \/>\n<meta property=\"article:modified_time\" content=\"2025-12-01T10:24:21+00:00\" \/>\n<meta property=\"og:image\" content=\"https:\/\/ascom.greta-dev.fr\/wp-content\/uploads\/2020\/01\/estate-window-sofa-1024x576.jpg\" \/>\n<meta name=\"twitter:card\" content=\"summary_large_image\" \/>\n<meta name=\"twitter:label1\" content=\"Dur\u00e9e de lecture estim\u00e9e\" \/>\n\t<meta name=\"twitter:data1\" content=\"3 minutes\" \/>\n<script type=\"application\/ld+json\" class=\"yoast-schema-graph\">{\"@context\":\"https:\\\/\\\/schema.org\",\"@graph\":[{\"@type\":\"WebPage\",\"@id\":\"https:\\\/\\\/ascom.greta-dev.fr\\\/index.php\\\/actualites\\\/\",\"url\":\"https:\\\/\\\/ascom.greta-dev.fr\\\/index.php\\\/actualites\\\/\",\"name\":\"Actualit\u00e9s - Votrimmo\",\"isPartOf\":{\"@id\":\"https:\\\/\\\/ascom.greta-dev.fr\\\/#website\"},\"primaryImageOfPage\":{\"@id\":\"https:\\\/\\\/ascom.greta-dev.fr\\\/index.php\\\/actualites\\\/#primaryimage\"},\"image\":{\"@id\":\"https:\\\/\\\/ascom.greta-dev.fr\\\/index.php\\\/actualites\\\/#primaryimage\"},\"thumbnailUrl\":\"https:\\\/\\\/ascom.greta-dev.fr\\\/wp-content\\\/uploads\\\/2020\\\/01\\\/estate-window-sofa-1024x576.jpg\",\"datePublished\":\"2019-04-02T02:34:54+00:00\",\"dateModified\":\"2025-12-01T10:24:21+00:00\",\"breadcrumb\":{\"@id\":\"https:\\\/\\\/ascom.greta-dev.fr\\\/index.php\\\/actualites\\\/#breadcrumb\"},\"inLanguage\":\"fr-FR\",\"potentialAction\":[{\"@type\":\"ReadAction\",\"target\":[\"https:\\\/\\\/ascom.greta-dev.fr\\\/index.php\\\/actualites\\\/\"]}]},{\"@type\":\"ImageObject\",\"inLanguage\":\"fr-FR\",\"@id\":\"https:\\\/\\\/ascom.greta-dev.fr\\\/index.php\\\/actualites\\\/#primaryimage\",\"url\":\"https:\\\/\\\/ascom.greta-dev.fr\\\/wp-content\\\/uploads\\\/2020\\\/01\\\/estate-window-sofa.jpg\",\"contentUrl\":\"https:\\\/\\\/ascom.greta-dev.fr\\\/wp-content\\\/uploads\\\/2020\\\/01\\\/estate-window-sofa.jpg\",\"width\":1920,\"height\":1080,\"caption\":\"salon d\u00e9tente\"},{\"@type\":\"BreadcrumbList\",\"@id\":\"https:\\\/\\\/ascom.greta-dev.fr\\\/index.php\\\/actualites\\\/#breadcrumb\",\"itemListElement\":[{\"@type\":\"ListItem\",\"position\":1,\"name\":\"Accueil\",\"item\":\"https:\\\/\\\/ascom.greta-dev.fr\\\/\"},{\"@type\":\"ListItem\",\"position\":2,\"name\":\"Actualit\u00e9s\"}]},{\"@type\":\"WebSite\",\"@id\":\"https:\\\/\\\/ascom.greta-dev.fr\\\/#website\",\"url\":\"https:\\\/\\\/ascom.greta-dev.fr\\\/\",\"name\":\"Votrimmo\",\"description\":\"\",\"publisher\":{\"@id\":\"https:\\\/\\\/ascom.greta-dev.fr\\\/#organization\"},\"potentialAction\":[{\"@type\":\"SearchAction\",\"target\":{\"@type\":\"EntryPoint\",\"urlTemplate\":\"https:\\\/\\\/ascom.greta-dev.fr\\\/?s={search_term_string}\"},\"query-input\":{\"@type\":\"PropertyValueSpecification\",\"valueRequired\":true,\"valueName\":\"search_term_string\"}}],\"inLanguage\":\"fr-FR\"},{\"@type\":\"Organization\",\"@id\":\"https:\\\/\\\/ascom.greta-dev.fr\\\/#organization\",\"name\":\"Votrimmo\",\"url\":\"https:\\\/\\\/ascom.greta-dev.fr\\\/\",\"logo\":{\"@type\":\"ImageObject\",\"inLanguage\":\"fr-FR\",\"@id\":\"https:\\\/\\\/ascom.greta-dev.fr\\\/#\\\/schema\\\/logo\\\/image\\\/\",\"url\":\"https:\\\/\\\/ascom.greta-dev.fr\\\/wp-content\\\/uploads\\\/2022\\\/12\\\/cropped-cropped-votrimmo.png\",\"contentUrl\":\"https:\\\/\\\/ascom.greta-dev.fr\\\/wp-content\\\/uploads\\\/2022\\\/12\\\/cropped-cropped-votrimmo.png\",\"width\":250,\"height\":75,\"caption\":\"Votrimmo\"},\"image\":{\"@id\":\"https:\\\/\\\/ascom.greta-dev.fr\\\/#\\\/schema\\\/logo\\\/image\\\/\"}}]}<\/script>\n<!-- \/ Yoast SEO plugin. -->","yoast_head_json":{"title":"Actualit\u00e9s - Votrimmo","robots":{"index":"noindex","follow":"follow","max-snippet":"max-snippet:-1","max-image-preview":"max-image-preview:large","max-video-preview":"max-video-preview:-1"},"og_locale":"fr_FR","og_type":"article","og_title":"Actualit\u00e9s - Votrimmo","og_description":"ACTUALIT\u00c9S Portes ouvertes de notre agence immobili\u00e8re Le 12 d\u00e9cembre 2026 de 10h \u00e0 16h Retrouvez l\u2019\u00e9quipe compl\u00e8te de VOTREIMMO pour d\u00e9couvrir l\u2019ensemble des biens \u00e0 vendre. Un cadeau vous sera offert lors de votre visite. Veuillez activer JavaScript dans votre navigateur pour remplir ce formulaire.Nom *Pr\u00e9nomNomE-mail *Je m\u2019inscris \u00e0 la porte ouverte *&#8212; S\u00e9lectionner [&hellip;]","og_url":"https:\/\/ascom.greta-dev.fr\/index.php\/actualites\/","og_site_name":"Votrimmo","article_modified_time":"2025-12-01T10:24:21+00:00","og_image":[{"url":"https:\/\/ascom.greta-dev.fr\/wp-content\/uploads\/2020\/01\/estate-window-sofa-1024x576.jpg","type":"","width":"","height":""}],"twitter_card":"summary_large_image","twitter_misc":{"Dur\u00e9e de lecture estim\u00e9e":"3 minutes"},"schema":{"@context":"https:\/\/schema.org","@graph":[{"@type":"WebPage","@id":"https:\/\/ascom.greta-dev.fr\/index.php\/actualites\/","url":"https:\/\/ascom.greta-dev.fr\/index.php\/actualites\/","name":"Actualit\u00e9s - Votrimmo","isPartOf":{"@id":"https:\/\/ascom.greta-dev.fr\/#website"},"primaryImageOfPage":{"@id":"https:\/\/ascom.greta-dev.fr\/index.php\/actualites\/#primaryimage"},"image":{"@id":"https:\/\/ascom.greta-dev.fr\/index.php\/actualites\/#primaryimage"},"thumbnailUrl":"https:\/\/ascom.greta-dev.fr\/wp-content\/uploads\/2020\/01\/estate-window-sofa-1024x576.jpg","datePublished":"2019-04-02T02:34:54+00:00","dateModified":"2025-12-01T10:24:21+00:00","breadcrumb":{"@id":"https:\/\/ascom.greta-dev.fr\/index.php\/actualites\/#breadcrumb"},"inLanguage":"fr-FR","potentialAction":[{"@type":"ReadAction","target":["https:\/\/ascom.greta-dev.fr\/index.php\/actualites\/"]}]},{"@type":"ImageObject","inLanguage":"fr-FR","@id":"https:\/\/ascom.greta-dev.fr\/index.php\/actualites\/#primaryimage","url":"https:\/\/ascom.greta-dev.fr\/wp-content\/uploads\/2020\/01\/estate-window-sofa.jpg","contentUrl":"https:\/\/ascom.greta-dev.fr\/wp-content\/uploads\/2020\/01\/estate-window-sofa.jpg","width":1920,"height":1080,"caption":"salon d\u00e9tente"},{"@type":"BreadcrumbList","@id":"https:\/\/ascom.greta-dev.fr\/index.php\/actualites\/#breadcrumb","itemListElement":[{"@type":"ListItem","position":1,"name":"Accueil","item":"https:\/\/ascom.greta-dev.fr\/"},{"@type":"ListItem","position":2,"name":"Actualit\u00e9s"}]},{"@type":"WebSite","@id":"https:\/\/ascom.greta-dev.fr\/#website","url":"https:\/\/ascom.greta-dev.fr\/","name":"Votrimmo","description":"","publisher":{"@id":"https:\/\/ascom.greta-dev.fr\/#organization"},"potentialAction":[{"@type":"SearchAction","target":{"@type":"EntryPoint","urlTemplate":"https:\/\/ascom.greta-dev.fr\/?s={search_term_string}"},"query-input":{"@type":"PropertyValueSpecification","valueRequired":true,"valueName":"search_term_string"}}],"inLanguage":"fr-FR"},{"@type":"Organization","@id":"https:\/\/ascom.greta-dev.fr\/#organization","name":"Votrimmo","url":"https:\/\/ascom.greta-dev.fr\/","logo":{"@type":"ImageObject","inLanguage":"fr-FR","@id":"https:\/\/ascom.greta-dev.fr\/#\/schema\/logo\/image\/","url":"https:\/\/ascom.greta-dev.fr\/wp-content\/uploads\/2022\/12\/cropped-cropped-votrimmo.png","contentUrl":"https:\/\/ascom.greta-dev.fr\/wp-content\/uploads\/2022\/12\/cropped-cropped-votrimmo.png","width":250,"height":75,"caption":"Votrimmo"},"image":{"@id":"https:\/\/ascom.greta-dev.fr\/#\/schema\/logo\/image\/"}}]}},"_links":{"self":[{"href":"https:\/\/ascom.greta-dev.fr\/index.php\/wp-json\/wp\/v2\/pages\/18","targetHints":{"allow":["GET"]}}],"collection":[{"href":"https:\/\/ascom.greta-dev.fr\/index.php\/wp-json\/wp\/v2\/pages"}],"about":[{"href":"https:\/\/ascom.greta-dev.fr\/index.php\/wp-json\/wp\/v2\/types\/page"}],"author":[{"embeddable":true,"href":"https:\/\/ascom.greta-dev.fr\/index.php\/wp-json\/wp\/v2\/users\/1"}],"replies":[{"embeddable":true,"href":"https:\/\/ascom.greta-dev.fr\/index.php\/wp-json\/wp\/v2\/comments?post=18"}],"version-history":[{"count":21,"href":"https:\/\/ascom.greta-dev.fr\/index.php\/wp-json\/wp\/v2\/pages\/18\/revisions"}],"predecessor-version":[{"id":689,"href":"https:\/\/ascom.greta-dev.fr\/index.php\/wp-json\/wp\/v2\/pages\/18\/revisions\/689"}],"wp:attachment":[{"href":"https:\/\/ascom.greta-dev.fr\/index.php\/wp-json\/wp\/v2\/media?parent=18"}],"curies":[{"name":"wp","href":"https:\/\/api.w.org\/{rel}","templated":true}]}}